{"id":134,"date":"2019-08-12T11:04:00","date_gmt":"2019-08-12T09:04:00","guid":{"rendered":"https:\/\/couraubois224450043.wordpress.com\/?page_id=134"},"modified":"2025-01-22T16:37:49","modified_gmt":"2025-01-22T15:37:49","slug":"pension","status":"publish","type":"page","link":"https:\/\/www.couraubois.be\/index.php\/pension\/","title":{"rendered":"Pension"},"content":{"rendered":"\n<div class=\"wp-block-group\"><div class=\"wp-block-group__inner-container is-layout-flow wp-block-group-is-layout-flow\">\n<p>Nous sommes heureux d&rsquo;accueillir votre cheval dans nos installations.<br>Votre cheval est h\u00e9berg\u00e9 dans une \u00e9curie lumineuse, dans un box de 9 m\u00b2.<br>Un v\u00e9t\u00e9rinaire et un mar\u00e9chal ferrant soignent la majorit\u00e9 de l&rsquo;\u00e9curie, mais chaque propri\u00e9taire est libre de choix.<\/p>\n\n\n\n<p><strong>La pension compl\u00e8te pour chevaux et poneys comprend :<\/strong><\/p>\n\n\n\n<ul class=\"wp-block-list\">\n<li>La location du box et la nourriture (grains 2 fois par jour, pr\u00e9fan\u00e9 ou foins 2 fois par jour). <\/li>\n\n\n\n<li>L&rsquo;entretien quotidien du box.<\/li>\n\n\n\n<li>L&rsquo;acc\u00e8s aux pistes int\u00e9rieure et ext\u00e9rieure, rond de longe et paddock (apr\u00e8s acquittement de votre affiliation).<\/li>\n<\/ul>\n\n\n\n<div class=\"wp-block-group\"><div class=\"wp-block-group__inner-container is-layout-flow wp-block-group-is-layout-flow\">\n<p><strong>La pension ne comprend pas :<\/strong><\/p>\n\n\n\n<p>La mise au pr\u00e9 par nos soins (suppl\u00e9ment de 5\u20ac par sortie)<\/p>\n\n\n\n<p>Le d\u00e9bourrage et le travail du cheval est possible sur demande<\/p>\n<\/div><\/div>\n\n\n\n<p>ATTENTION AUCUN SOIN ne peut \u00eatre demand\u00e9 au PERSONNEL SANS ACCORD PR\u00c9ALABLE avec la direction.&nbsp;<br>Les services rendus seront factur\u00e9s \u00e0 la fin du mois et payables au comptant.&nbsp;<br>La direction d\u00e9cline toute responsabilit\u00e9 vis-\u00e0-vis des propri\u00e9taires qui apporteraient des suppl\u00e9ments de nourriture \u00e0 leurs chevaux (ex : coliques, fourbures, coup de sang etc.), m\u00eame si ceux si sont donn\u00e9 par notre personnel \u00e0 la demande du client.<\/p>\n\n\n\n<p class=\"has-medium-font-size\"><strong>TARIF<\/strong><\/p>\n\n\n\n<figure class=\"wp-block-table is-style-stripes\"><table><tbody><tr><td><strong> Pension <\/strong><\/td><td>\n<strong>Pension compl\u00e8te<\/strong>\n<\/td><td>\n<strong>1\/2 pension<\/strong>\n<\/td><td>\n<strong>1\/3 pension<\/strong>\n<\/td><\/tr><tr><td> Paille<br>Granule paille de bl\u00e9 (recommand\u00e9)<br> copeaux<br> Prairie ( vacance* ) selon disponibilit\u00e9<\/td><td>550 \u20ac\u00a0\/ mois<br> 550 \u20ac \/ mois<br> sur demande<br> &#8230;.. \u20ac \/ mois<\/td><td>\n<br>\n<\/td><td>\n<br>\n<\/td><\/tr><tr><td> <strong>Pension sur un de nos chevaux :<\/strong> <\/td><td>580 \u20ac \/ mois <\/td><td> 220 \u20ac&nbsp;\/ mois <\/td><td> 160 \u20ac&nbsp;\/ mois <\/td><\/tr><tr><td><strong>Service aux propri\u00e9taires<\/strong><br> Distribution compl\u00e9ments alimentaires<br> et de m\u00e9dicaments<br> <br>Mise en prairie \/ paddock<br>Mise en prairie \/ paddock 5 jours sem.<br>Mise en prairie \/ paddock 7 jours sem.<br>Travail de longe<br>Suppl\u00e9ment foin \/ grain midi &#8230;&#8230;. <br><\/td><td><br> GRATUIT<br> <br> <br> <br> 5 \u20ac \/ la sortie <br> 60 \u20ac \/ mois<br> <br> 90 \u20ac \/ mois<br> <br> 20 \u20ac<br> 20 \u20ac<\/td><td> <br> <\/td><td>\n<br>\n<\/td><\/tr><\/tbody><\/table><\/figure>\n\n\n\n<p><strong><em>Remarques:<\/em><\/strong><\/p>\n\n\n\n<p><em>Possibilit\u00e9 de mettre son cheval en prairie pendant l&rsquo;\u00e9t\u00e9  selon disponibilit\u00e9 (valable maximum 1 fois par an ) le prix de la pension reste d&rsquo;application.<\/em><\/p>\n\n\n\n<p><em>Les frais de mar\u00e9chalerie et v\u00e9t\u00e9rinaire ne sont pas compris dans le tarif d&rsquo;une pension compl\u00e8te.<\/em><br><em>En cas de d\u00e9part, un pr\u00e9avis d&rsquo;un mois est exig\u00e9 pour toutes les pensions.<\/em><\/p>\n\n\n\n<p><strong>Tarifs travail :&nbsp;<\/strong><\/p>\n\n\n\n<p>Le travail du cheval ou le d\u00e9bourrage est possible.<br>Le cheval est travaill\u00e9 et sorti par les moniteurs du man\u00e8ge.&nbsp;<\/p>\n\n\n\n<figure class=\"wp-block-table is-style-stripes\"><table><tbody><tr><td><\/td><td>\n<strong>Tarifs&nbsp;de travail<\/strong>\n<\/td><\/tr><tr><td>  1 monte<\/td><td>   25 \u20ac <\/td><\/tr><tr><td>  8 montes par mois : <\/td><td> 200 \u20ac \/ mois <\/td><\/tr><tr><td>  Travail complet ou d\u00e9bourrage : <\/td><td> 450 \u20ac \/ mois <\/td><\/tr><\/tbody><\/table><\/figure>\n\n\n\n<p><strong>Tarifs pensions de travail:<\/strong><\/p>\n\n\n\n<p>Vous devez additionner le tarif de la pension et du travail.<br>Par exemple, pour une pension d&rsquo;un cheval mis au travail 2 fois par semaine :\u00a0550 \u20ac + 200 \u20ac = 750 \u20ac \/ mois.<\/p>\n<\/div><\/div>\n","protected":false},"excerpt":{"rendered":"<p>Nous sommes heureux d&rsquo;accueillir votre cheval dans nos installations.Votre cheval est h\u00e9berg\u00e9 dans une \u00e9curie lumineuse, dans un box de 9 m\u00b2.Un v\u00e9t\u00e9rinaire et un mar\u00e9chal ferrant soignent la majorit\u00e9 de l&rsquo;\u00e9curie, mais chaque propri\u00e9taire est libre de choix. La pension compl\u00e8te pour chevaux et poneys comprend : La pension ne comprend pas : La [&hellip;]<\/p>\n","protected":false},"author":1,"featured_media":0,"parent":0,"menu_order":0,"comment_status":"closed","ping_status":"closed","template":"","meta":{"ngg_post_thumbnail":0,"ocean_post_layout":"","ocean_both_sidebars_style":"","ocean_both_sidebars_content_width":0,"ocean_both_sidebars_sidebars_width":0,"ocean_sidebar":"","ocean_second_sidebar":"","ocean_disable_margins":"enable","ocean_add_body_class":"","ocean_shortcode_before_top_bar":"","ocean_shortcode_after_top_bar":"","ocean_shortcode_before_header":"","ocean_shortcode_after_header":"","ocean_has_shortcode":"","ocean_shortcode_after_title":"","ocean_shortcode_before_footer_widgets":"","ocean_shortcode_after_footer_widgets":"","ocean_shortcode_before_footer_bottom":"","ocean_shortcode_after_footer_bottom":"","ocean_display_top_bar":"default","ocean_display_header":"default","ocean_header_style":"","ocean_center_header_left_menu":"","ocean_custom_header_template":"","ocean_custom_logo":0,"ocean_custom_retina_logo":0,"ocean_custom_logo_max_width":0,"ocean_custom_logo_tablet_max_width":0,"ocean_custom_logo_mobile_max_width":0,"ocean_custom_logo_max_height":0,"ocean_custom_logo_tablet_max_height":0,"ocean_custom_logo_mobile_max_height":0,"ocean_header_custom_menu":"","ocean_menu_typo_font_family":"","ocean_menu_typo_font_subset":"","ocean_menu_typo_font_size":0,"ocean_menu_typo_font_size_tablet":0,"ocean_menu_typo_font_size_mobile":0,"ocean_menu_typo_font_size_unit":"px","ocean_menu_typo_font_weight":"","ocean_menu_typo_font_weight_tablet":"","ocean_menu_typo_font_weight_mobile":"","ocean_menu_typo_transform":"","ocean_menu_typo_transform_tablet":"","ocean_menu_typo_transform_mobile":"","ocean_menu_typo_line_height":0,"ocean_menu_typo_line_height_tablet":0,"ocean_menu_typo_line_height_mobile":0,"ocean_menu_typo_line_height_unit":"","ocean_menu_typo_spacing":0,"ocean_menu_typo_spacing_tablet":0,"ocean_menu_typo_spacing_mobile":0,"ocean_menu_typo_spacing_unit":"","ocean_menu_link_color":"","ocean_menu_link_color_hover":"","ocean_menu_link_color_active":"","ocean_menu_link_background":"","ocean_menu_link_hover_background":"","ocean_menu_link_active_background":"","ocean_menu_social_links_bg":"","ocean_menu_social_hover_links_bg":"","ocean_menu_social_links_color":"","ocean_menu_social_hover_links_color":"","ocean_disable_title":"default","ocean_disable_heading":"default","ocean_post_title":"","ocean_post_subheading":"","ocean_post_title_style":"","ocean_post_title_background_color":"","ocean_post_title_background":0,"ocean_post_title_bg_image_position":"","ocean_post_title_bg_image_attachment":"","ocean_post_title_bg_image_repeat":"","ocean_post_title_bg_image_size":"","ocean_post_title_height":0,"ocean_post_title_bg_overlay":0.5,"ocean_post_title_bg_overlay_color":"","ocean_disable_breadcrumbs":"default","ocean_breadcrumbs_color":"","ocean_breadcrumbs_separator_color":"","ocean_breadcrumbs_links_color":"","ocean_breadcrumbs_links_hover_color":"","ocean_display_footer_widgets":"default","ocean_display_footer_bottom":"default","ocean_custom_footer_template":"","footnotes":""},"class_list":["post-134","page","type-page","status-publish","hentry","entry","owp-thumbs-layout-horizontal","owp-btn-normal","owp-tabs-layout-horizontal","has-no-thumbnails","has-product-nav"],"_links":{"self":[{"href":"https:\/\/www.couraubois.be\/index.php\/wp-json\/wp\/v2\/pages\/134","targetHints":{"allow":["GET"]}}],"collection":[{"href":"https:\/\/www.couraubois.be\/index.php\/wp-json\/wp\/v2\/pages"}],"about":[{"href":"https:\/\/www.couraubois.be\/index.php\/wp-json\/wp\/v2\/types\/page"}],"author":[{"embeddable":true,"href":"https:\/\/www.couraubois.be\/index.php\/wp-json\/wp\/v2\/users\/1"}],"replies":[{"embeddable":true,"href":"https:\/\/www.couraubois.be\/index.php\/wp-json\/wp\/v2\/comments?post=134"}],"version-history":[{"count":28,"href":"https:\/\/www.couraubois.be\/index.php\/wp-json\/wp\/v2\/pages\/134\/revisions"}],"predecessor-version":[{"id":1493,"href":"https:\/\/www.couraubois.be\/index.php\/wp-json\/wp\/v2\/pages\/134\/revisions\/1493"}],"wp:attachment":[{"href":"https:\/\/www.couraubois.be\/index.php\/wp-json\/wp\/v2\/media?parent=134"}],"curies":[{"name":"wp","href":"https:\/\/api.w.org\/{rel}","templated":true}]}}