{"id":1656,"date":"2026-02-26T23:55:57","date_gmt":"2026-02-26T22:55:57","guid":{"rendered":"https:\/\/www.couraubois.be\/?page_id=1656"},"modified":"2026-02-27T00:16:15","modified_gmt":"2026-02-26T23:16:15","slug":"contrat-de-pension-pour-equide","status":"publish","type":"page","link":"https:\/\/www.couraubois.be\/index.php\/contrat-de-pension-pour-equide\/","title":{"rendered":"CONTRAT DE PENSION POUR \u00c9QUID\u00c9"},"content":{"rendered":"\n<p><strong>ENTRE LES SOUSSIGN\u00c9S :<\/strong><br>L\u2019\u00e9tablissement Man\u00e8ge cour au bois, situ\u00e9 \u00e0 14 rue cour au bois 1440 Wauthier Braine, repr\u00e9sent\u00e9 par Xavier Kreevels, ci-apr\u00e8s d\u00e9nomm\u00e9 \u00ab&nbsp;<strong>Le D\u00e9positaire<\/strong>&nbsp;\u00bb.<br><strong>ET :<\/strong><br>Monsieur\/Madame \u2026\u2026\u2026\u2026\u2026\u2026\u2026\u2026\u2026\u2026\u2026, r\u00e9sidant \u00e0\u2026..\u2026\u2026\u2026\u2026\u2026\u2026\u2026\u2026\u2026\u2026\u2026\u2026\u2026\u2026\u2026\u2026\u2026\u2026\u2026\u2026\u2026\u2026\u2026\u2026\u2026\u2026\u2026\u2026\u2026\u2026\u2026\u2026\u2026..,<\/p>\n\n\n\n<p>ci-apr\u00e8s d\u00e9nomm\u00e9 \u00ab&nbsp;<strong>Le Propri\u00e9taire<\/strong>&nbsp;\u00bb.<\/p>\n\n\n\n<p><strong>ARTICLE 1 : OBJET DU CONTRAT<\/strong><\/p>\n\n\n\n<p>Le D\u00e9positaire accepte de prendre en pension le cheval nomm\u00e9 &#8230;&#8230;&#8230;&#8230;&#8230;&#8230;&#8230;&#8230;&#8230;&#8230;&#8230;&#8230;., n\u00b0 de puce &#8230;&#8230;&#8230;&#8230;&#8230;&#8230;&#8230;&#8230;&#8230;&#8230;&#8230;&#8230;&#8230;, dans ses installations. Le pr\u00e9sent contrat est r\u00e9gi par les r\u00e8gles du&nbsp;<strong>d\u00e9p\u00f4t salari\u00e9<\/strong>&nbsp;(Code civil belge).<\/p>\n\n\n\n<p><strong>ARTICLE 2 : RESPONSABILIT\u00c9 ET ASSURANCE (Clause Cruciale)<\/strong><\/p>\n\n\n\n<p>2.1.&nbsp;<strong>Limitation de garantie :<\/strong>&nbsp;Le D\u00e9positaire est assur\u00e9 en Responsabilit\u00e9 Civile Professionnelle. Le Propri\u00e9taire est inform\u00e9 que le plafond d\u2019indemnisation du D\u00e9positaire pour les dommages caus\u00e9s aux animaux confi\u00e9s est limit\u00e9 \u00e0&nbsp;<strong>1 500 \u20ac par sinistre<\/strong>.<\/p>\n\n\n\n<p>2.2.&nbsp;<strong>Assurance du Propri\u00e9taire :<\/strong>&nbsp;Si la valeur du cheval exc\u00e8de 1 500 \u20ac, le Propri\u00e9taire s\u2019engage \u00e0 souscrire ou non \u00e0 une assurance personnelle (type \u00ab Mortalit\u00e9\/Invalidit\u00e9 \u00bb) couvrant la valeur r\u00e9elle de l\u2019animal.<\/p>\n\n\n\n<p>2.3.&nbsp;<strong>Renonciation \u00e0 recours :<\/strong>&nbsp;Le Propri\u00e9taire et ses assureurs renoncent \u00e0 tout recours contre le D\u00e9positaire, ses pr\u00e9pos\u00e9s et son assureur pour tout dommage d\u00e9passant le plafond de 1 500 \u20ac, sauf en cas de faute intentionnelle ou de dol.<\/p>\n\n\n\n<p><strong>ARTICLE 3 : SOINS ET V\u00c9T\u00c9RINAIRE<\/strong><\/p>\n\n\n\n<p>En cas d&rsquo;urgence ou de blessure, le D\u00e9positaire s&rsquo;engage \u00e0 avertir imm\u00e9diatement le Propri\u00e9taire. Si ce dernier est injoignable, le D\u00e9positaire est express\u00e9ment autoris\u00e9 \u00e0 faire appel au v\u00e9t\u00e9rinaire de son choix aux frais du Propri\u00e9taire.<\/p>\n\n\n\n<p><strong>ARTICLE 4 : OBLIGATION DE MOYENS<\/strong><\/p>\n\n\n\n<p>Le D\u00e9positaire est tenu \u00e0 une&nbsp;<strong>obligation de moyens<\/strong>. Il s\u2019engage \u00e0 apporter \u00e0 la garde du cheval les soins diligents d&rsquo;un bon professionnel (nourriture, entretien du box, surveillance). Sa responsabilit\u00e9 ne peut \u00eatre engag\u00e9e qu&rsquo;en cas de preuve d&rsquo;une faute ou d&rsquo;une n\u00e9gligence caract\u00e9ris\u00e9e de sa part.<\/p>\n\n\n\n<p><strong>ARTICLE 5 : TARIFS ET PAIEMENT<\/strong><\/p>\n\n\n\n<p>La pension de base est fix\u00e9e \u00e0 550 \u20ac par mois, payable au plus tard le 7 du mois. En cas de non-paiement, le D\u00e9positaire dispose d&rsquo;un\u00a0<strong>droit de r\u00e9tention<\/strong>\u00a0sur le cheval conform\u00e9ment \u00e0 la loi belge.<\/p>\n\n\n\n<p><strong>ARTICLE 6 : FRAIS V\u00c9T\u00c9RINAIRES ET SOINS SP\u00c9CIFIQUES<\/strong><br>6.1.&nbsp;<strong>Frais courants :<\/strong>&nbsp;Tous les frais de sant\u00e9 (v\u00e9t\u00e9rinaire, mar\u00e9chalerie, dentiste, ost\u00e9opathe) sont \u00e0 la charge exclusive du Propri\u00e9taire.<br>6.2.&nbsp;<strong>Intervention d&rsquo;urgence :<\/strong>&nbsp;En cas d&rsquo;urgence vitale, si le Propri\u00e9taire est injoignable, le D\u00e9positaire prendra toutes les mesures n\u00e9cessaires (appel du v\u00e9t\u00e9rinaire de garde, transport en clinique). Les frais engag\u00e9s seront int\u00e9gralement factur\u00e9s au Propri\u00e9taire.<br>6.3.&nbsp;<strong>Soins quotidiens :<\/strong>&nbsp;Si le cheval n\u00e9cessite des soins particuliers suite \u00e0 une blessure (pansements, administration de m\u00e9dicaments, n\u00e9bulisations), le D\u00e9positaire se r\u00e9serve le droit de facturer un forfait de soins de [Montant] \u20ac par jour, en sus de la pension.<br>6.4.&nbsp;<strong>Avance de frais :<\/strong>&nbsp;Le D\u00e9positaire n&rsquo;est jamais tenu de faire l&rsquo;avance des frais v\u00e9t\u00e9rinaires. Les factures sont adress\u00e9es directement par le praticien au Propri\u00e9taire.<\/p>\n\n\n\n<p><strong>ARTICLE 7 : DUR\u00c9E ET R\u00c9SILIATION (PR\u00c9AVIS)<\/strong><br>7.1.&nbsp;<strong>Dur\u00e9e :<\/strong>&nbsp;Le pr\u00e9sent contrat est conclu pour une dur\u00e9e ind\u00e9termin\u00e9e.<br>7.2.&nbsp;<strong>Pr\u00e9avis :<\/strong>&nbsp;Chacune des parties peut mettre fin au contrat moyennant un&nbsp;<strong>pr\u00e9avis d&rsquo;un mois calendrier<\/strong>. Le pr\u00e9avis doit \u00eatre notifi\u00e9 par \u00e9crit (e-mail avec accus\u00e9 de r\u00e9ception ou lettre recommand\u00e9e).<br>7.3.&nbsp;<strong>Indemnit\u00e9 de rupture :<\/strong>&nbsp;Tout mois entam\u00e9 est d\u00fb int\u00e9gralement. En cas de d\u00e9part imm\u00e9diat du cheval sans respect du pr\u00e9avis par le Propri\u00e9taire, une indemnit\u00e9 compensatrice \u00e9gale \u00e0 un mois de pension compl\u00e8te sera de plein droit acquise au D\u00e9positaire.<br>7.4.&nbsp;<strong>Droit de r\u00e9tention :<\/strong>&nbsp;Conform\u00e9ment \u00e0 la loi belge, le cheval ne pourra quitter les installations qu&rsquo;apr\u00e8s paiement int\u00e9gral de toutes les sommes dues (pensions, frais de soins, indemnit\u00e9 de pr\u00e9avis).<\/p>\n\n\n\n<p><strong>ARTICLE 8 : LITIGES<\/strong><\/p>\n\n\n\n<p>Tout litige relatif \u00e0 l\u2019ex\u00e9cution du pr\u00e9sent contrat sera de la comp\u00e9tence exclusive des tribunaux de l&rsquo;arrondissement judiciaire de Nivelles.<\/p>\n\n\n\n<p>Fait \u00e0 Wauthier Braine, le \u2026\u2026\u2026\u2026\u2026\u2026\u2026\u2026. en deux exemplaires.<\/p>\n\n\n\n<p><strong>Signature du D\u00e9positaire<\/strong>&nbsp;&nbsp;&nbsp;&nbsp;&nbsp;&nbsp;&nbsp;&nbsp;&nbsp;&nbsp;&nbsp;&nbsp;&nbsp;&nbsp;&nbsp;&nbsp;&nbsp;&nbsp;&nbsp;&nbsp;&nbsp;&nbsp;&nbsp;&nbsp;&nbsp;&nbsp;&nbsp;&nbsp;&nbsp;&nbsp;&nbsp;&nbsp;&nbsp;&nbsp;&nbsp;&nbsp;&nbsp;&nbsp;&nbsp;&nbsp;&nbsp; &nbsp;&nbsp;&nbsp;&nbsp;&nbsp;&nbsp;<strong>Signature du Propri\u00e9taire<\/strong>&nbsp;<\/p>\n\n\n\n<p>(Pr\u00e9c\u00e9d\u00e9e de \u00ab\u00a0Lu et approuv\u00e9\u00a0\u00bb)&nbsp;&nbsp;&nbsp;&nbsp;&nbsp;&nbsp;&nbsp;&nbsp;&nbsp;&nbsp;&nbsp;&nbsp;&nbsp;&nbsp;&nbsp;&nbsp;&nbsp;&nbsp;&nbsp;&nbsp;&nbsp;&nbsp;&nbsp;&nbsp;&nbsp;&nbsp;&nbsp;&nbsp;&nbsp;&nbsp;&nbsp;&nbsp;&nbsp;&nbsp; (Pr\u00e9c\u00e9d\u00e9e de \u00ab\u00a0Lu et approuv\u00e9\u00a0\u00bb)<br><br><\/p>\n","protected":false},"excerpt":{"rendered":"<p>ENTRE LES SOUSSIGN\u00c9S :L\u2019\u00e9tablissement Man\u00e8ge cour au bois, situ\u00e9 \u00e0 14 rue cour au bois 1440 Wauthier Braine, repr\u00e9sent\u00e9 par Xavier Kreevels, ci-apr\u00e8s d\u00e9nomm\u00e9 \u00ab&nbsp;Le D\u00e9positaire&nbsp;\u00bb.ET :Monsieur\/Madame \u2026\u2026\u2026\u2026\u2026\u2026\u2026\u2026\u2026\u2026\u2026, r\u00e9sidant \u00e0\u2026..\u2026\u2026\u2026\u2026\u2026\u2026\u2026\u2026\u2026\u2026\u2026\u2026\u2026\u2026\u2026\u2026\u2026\u2026\u2026\u2026\u2026\u2026\u2026\u2026\u2026\u2026\u2026\u2026\u2026\u2026\u2026\u2026\u2026.., ci-apr\u00e8s d\u00e9nomm\u00e9 \u00ab&nbsp;Le Propri\u00e9taire&nbsp;\u00bb. ARTICLE 1 : OBJET DU CONTRAT Le D\u00e9positaire accepte de prendre en pension le cheval nomm\u00e9 &#8230;&#8230;&#8230;&#8230;&#8230;&#8230;&#8230;&#8230;&#8230;&#8230;&#8230;&#8230;., n\u00b0 de puce &#8230;&#8230;&#8230;&#8230;&#8230;&#8230;&#8230;&#8230;&#8230;&#8230;&#8230;&#8230;&#8230;, [&hellip;]<\/p>\n","protected":false},"author":1,"featured_media":0,"parent":0,"menu_order":0,"comment_status":"closed","ping_status":"closed","template":"","meta":{"ngg_post_thumbnail":0,"ocean_post_layout":"","ocean_both_sidebars_style":"","ocean_both_sidebars_content_width":0,"ocean_both_sidebars_sidebars_width":0,"ocean_sidebar":"","ocean_second_sidebar":"","ocean_disable_margins":"enable","ocean_add_body_class":"","ocean_shortcode_before_top_bar":"","ocean_shortcode_after_top_bar":"","ocean_shortcode_before_header":"","ocean_shortcode_after_header":"","ocean_has_shortcode":"","ocean_shortcode_after_title":"","ocean_shortcode_before_footer_widgets":"","ocean_shortcode_after_footer_widgets":"","ocean_shortcode_before_footer_bottom":"","ocean_shortcode_after_footer_bottom":"","ocean_display_top_bar":"default","ocean_display_header":"default","ocean_header_style":"","ocean_center_header_left_menu":"","ocean_custom_header_template":"","ocean_custom_logo":0,"ocean_custom_retina_logo":0,"ocean_custom_logo_max_width":0,"ocean_custom_logo_tablet_max_width":0,"ocean_custom_logo_mobile_max_width":0,"ocean_custom_logo_max_height":0,"ocean_custom_logo_tablet_max_height":0,"ocean_custom_logo_mobile_max_height":0,"ocean_header_custom_menu":"","ocean_menu_typo_font_family":"","ocean_menu_typo_font_subset":"","ocean_menu_typo_font_size":0,"ocean_menu_typo_font_size_tablet":0,"ocean_menu_typo_font_size_mobile":0,"ocean_menu_typo_font_size_unit":"px","ocean_menu_typo_font_weight":"","ocean_menu_typo_font_weight_tablet":"","ocean_menu_typo_font_weight_mobile":"","ocean_menu_typo_transform":"","ocean_menu_typo_transform_tablet":"","ocean_menu_typo_transform_mobile":"","ocean_menu_typo_line_height":0,"ocean_menu_typo_line_height_tablet":0,"ocean_menu_typo_line_height_mobile":0,"ocean_menu_typo_line_height_unit":"","ocean_menu_typo_spacing":0,"ocean_menu_typo_spacing_tablet":0,"ocean_menu_typo_spacing_mobile":0,"ocean_menu_typo_spacing_unit":"","ocean_menu_link_color":"","ocean_menu_link_color_hover":"","ocean_menu_link_color_active":"","ocean_menu_link_background":"","ocean_menu_link_hover_background":"","ocean_menu_link_active_background":"","ocean_menu_social_links_bg":"","ocean_menu_social_hover_links_bg":"","ocean_menu_social_links_color":"","ocean_menu_social_hover_links_color":"","ocean_disable_title":"default","ocean_disable_heading":"default","ocean_post_title":"","ocean_post_subheading":"","ocean_post_title_style":"","ocean_post_title_background_color":"","ocean_post_title_background":0,"ocean_post_title_bg_image_position":"","ocean_post_title_bg_image_attachment":"","ocean_post_title_bg_image_repeat":"","ocean_post_title_bg_image_size":"","ocean_post_title_height":0,"ocean_post_title_bg_overlay":0.5,"ocean_post_title_bg_overlay_color":"","ocean_disable_breadcrumbs":"default","ocean_breadcrumbs_color":"","ocean_breadcrumbs_separator_color":"","ocean_breadcrumbs_links_color":"","ocean_breadcrumbs_links_hover_color":"","ocean_display_footer_widgets":"default","ocean_display_footer_bottom":"default","ocean_custom_footer_template":"","footnotes":""},"class_list":["post-1656","page","type-page","status-publish","hentry","entry","owp-thumbs-layout-horizontal","owp-btn-normal","owp-tabs-layout-horizontal","has-no-thumbnails","has-product-nav"],"_links":{"self":[{"href":"https:\/\/www.couraubois.be\/index.php\/wp-json\/wp\/v2\/pages\/1656","targetHints":{"allow":["GET"]}}],"collection":[{"href":"https:\/\/www.couraubois.be\/index.php\/wp-json\/wp\/v2\/pages"}],"about":[{"href":"https:\/\/www.couraubois.be\/index.php\/wp-json\/wp\/v2\/types\/page"}],"author":[{"embeddable":true,"href":"https:\/\/www.couraubois.be\/index.php\/wp-json\/wp\/v2\/users\/1"}],"replies":[{"embeddable":true,"href":"https:\/\/www.couraubois.be\/index.php\/wp-json\/wp\/v2\/comments?post=1656"}],"version-history":[{"count":5,"href":"https:\/\/www.couraubois.be\/index.php\/wp-json\/wp\/v2\/pages\/1656\/revisions"}],"predecessor-version":[{"id":1664,"href":"https:\/\/www.couraubois.be\/index.php\/wp-json\/wp\/v2\/pages\/1656\/revisions\/1664"}],"wp:attachment":[{"href":"https:\/\/www.couraubois.be\/index.php\/wp-json\/wp\/v2\/media?parent=1656"}],"curies":[{"name":"wp","href":"https:\/\/api.w.org\/{rel}","templated":true}]}}