{"id":2,"date":"2019-08-01T22:05:33","date_gmt":"2019-08-01T20:05:33","guid":{"rendered":"https:\/\/couraubois224450043.wordpress.com\/?page_id=2"},"modified":"2023-12-26T17:49:19","modified_gmt":"2023-12-26T16:49:19","slug":"home","status":"publish","type":"page","link":"https:\/\/www.couraubois.be\/","title":{"rendered":""},"content":{"rendered":"\n<h2 class=\"wp-block-heading\">\u00c0 propos de nous<\/h2>\n\n\n\n<div class=\"wp-block-media-text alignwide is-stacked-on-mobile\" style=\"grid-template-columns:49% auto\"><figure class=\"wp-block-media-text__media\"><img loading=\"lazy\" decoding=\"async\" width=\"960\" height=\"720\" src=\"https:\/\/www.couraubois.be\/wp-content\/uploads\/2020\/01\/img_4832.jpg\" alt=\"\" class=\"wp-image-475 size-full\" srcset=\"https:\/\/www.couraubois.be\/wp-content\/uploads\/2020\/01\/img_4832.jpg 960w, https:\/\/www.couraubois.be\/wp-content\/uploads\/2020\/01\/img_4832-600x450.jpg 600w, https:\/\/www.couraubois.be\/wp-content\/uploads\/2020\/01\/img_4832-300x225.jpg 300w, https:\/\/www.couraubois.be\/wp-content\/uploads\/2020\/01\/img_4832-768x576.jpg 768w\" sizes=\"auto, (max-width: 960px) 100vw, 960px\" \/><\/figure><div class=\"wp-block-media-text__content\">\n<p style=\"font-size:12.5px\">Man\u00e8ge Cour au Bois \u00ab\u00a0CAB\u00a0\u00bb \u00e0 Wauthier Braine, aux portes de Bruxelles sud en bordure du Bois de Halle<br>Poney club, initiation, voltige, cours individuels et collectifs, stages<br>Dressage, obstacle, poney games, horse ball, Equitation de travail, monte \u00e0 cru&#8230;<br>\u00c9cole d\u2019\u00e9quitation agr\u00e9\u00e9e LEWB,<strong> Label 3 \u00e9toiles infrastructure, Label 3 \u00e9toiles p\u00e9dagogie<\/strong>, moniteurs dipl\u00f4m\u00e9es possibilit\u00e9 de cour particulier en fran\u00e7ais, anglais, allemand.<br>Pension propri\u00e9taire, pension travail, 1\/3 et 1\/2 pension sur nos chevaux.<\/p>\n<\/div><\/div>\n\n\n\n<p><\/p>\n\n\n\n<div class=\"wp-block-media-text alignwide has-media-on-the-right is-stacked-on-mobile\" style=\"grid-template-columns:auto 51%\"><div class=\"wp-block-media-text__content\">\n<p style=\"font-size:13.5px\">Promenades Bois de Halle \u00e0 3 mn.<br>Concours de dressage, saut d\u2019obstacles, MCi, \u00e9quitation de travail.<br>Accueil cavaliers de passage (se renseigner au man\u00e8ge au pr\u00e9alable).<br>Grand parking ais\u00e9, accessible aux vans&nbsp;<br>Club House : bar convivial, grande terrasse arbor\u00e9e et ensoleill\u00e9e, restauration, soir\u00e9es \u00e0 th\u00e8me.<\/p>\n<\/div><figure class=\"wp-block-media-text__media\"><img loading=\"lazy\" decoding=\"async\" width=\"1024\" height=\"529\" src=\"https:\/\/www.couraubois.be\/wp-content\/uploads\/2020\/01\/cab-bois-jeune-1024x529.jpg\" alt=\"\" class=\"wp-image-509 size-full\" srcset=\"https:\/\/www.couraubois.be\/wp-content\/uploads\/2020\/01\/cab-bois-jeune-1024x529.jpg 1024w, https:\/\/www.couraubois.be\/wp-content\/uploads\/2020\/01\/cab-bois-jeune-scaled-600x310.jpg 600w, https:\/\/www.couraubois.be\/wp-content\/uploads\/2020\/01\/cab-bois-jeune-300x155.jpg 300w, https:\/\/www.couraubois.be\/wp-content\/uploads\/2020\/01\/cab-bois-jeune-768x397.jpg 768w, https:\/\/www.couraubois.be\/wp-content\/uploads\/2020\/01\/cab-bois-jeune-1536x793.jpg 1536w, https:\/\/www.couraubois.be\/wp-content\/uploads\/2020\/01\/cab-bois-jeune-2048x1058.jpg 2048w, https:\/\/www.couraubois.be\/wp-content\/uploads\/2020\/01\/cab-bois-jeune-982x507.jpg 982w\" sizes=\"auto, (max-width: 1024px) 100vw, 1024px\" \/><\/figure><\/div>\n\n\n\n<hr class=\"wp-block-separator has-css-opacity\"\/>\n\n\n\n<div class=\"wp-block-group alignwide\"><div class=\"wp-block-group__inner-container is-layout-flow wp-block-group-is-layout-flow\">\n<div class=\"wp-block-media-text alignwide is-stacked-on-mobile\" style=\"grid-template-columns:38% auto\"><figure class=\"wp-block-media-text__media\"><img loading=\"lazy\" decoding=\"async\" width=\"461\" height=\"1024\" src=\"https:\/\/www.couraubois.be\/wp-content\/uploads\/2023\/12\/IMG_9745-461x1024.jpg\" alt=\"\" class=\"wp-image-1072 size-full\" srcset=\"https:\/\/www.couraubois.be\/wp-content\/uploads\/2023\/12\/IMG_9745-461x1024.jpg 461w, https:\/\/www.couraubois.be\/wp-content\/uploads\/2023\/12\/IMG_9745-600x1333.jpg 600w, https:\/\/www.couraubois.be\/wp-content\/uploads\/2023\/12\/IMG_9745-135x300.jpg 135w, https:\/\/www.couraubois.be\/wp-content\/uploads\/2023\/12\/IMG_9745-768x1706.jpg 768w, https:\/\/www.couraubois.be\/wp-content\/uploads\/2023\/12\/IMG_9745-692x1536.jpg 692w, https:\/\/www.couraubois.be\/wp-content\/uploads\/2023\/12\/IMG_9745.jpg 922w\" sizes=\"auto, (max-width: 461px) 100vw, 461px\" \/><\/figure><div class=\"wp-block-media-text__content\">\n<p class=\"has-normal-font-size\"><strong>Nos infrastructures:<\/strong><\/p>\n\n\n\n<p class=\"has-small-font-size\">\u00b0 Piste int\u00e9rieur 20&#215;40 en sable blanc fibr\u00e9e (faite en mars 2020).<br>\u00b0 Piste ext\u00e9rieur 40&#215;60 en sable blanc (syst\u00e8me flu et reflu faite en mars 2020).<br>\u00b0 Rond de longue 18&#215;18 en sable blanc fibr\u00e9e (fait en mars 2020).<br>\u00b0 Tour de galop autour de nos prairies.<br>\u00b0 9 paddocks gazons.<br>\u00b0 2 paddocks \u00e9talons. <br>\u00b0 2 paddocks de sable (pour hiver 2023).<br>\u00b0 3 grandes prairie.<br>\u00b0 1 solarium.<br><\/p>\n\n\n\n<p><\/p>\n<\/div><\/div>\n\n\n\n<p><\/p>\n<\/div><\/div>\n\n\n\n<hr class=\"wp-block-separator has-css-opacity\"\/>\n\n\n\n<div class=\"wp-block-group\"><div class=\"wp-block-group__inner-container is-layout-flow wp-block-group-is-layout-flow\">\n<div class=\"wp-block-media-text alignwide has-media-on-the-right is-stacked-on-mobile\"><div class=\"wp-block-media-text__content\">\n<p class=\"has-small-font-size\">Nous restons \u00e0 votre disposition pour toutes questions<\/p>\n<\/div><figure class=\"wp-block-media-text__media\"><img decoding=\"async\" src=\"https:\/\/www.couraubois.be\/wp-content\/uploads\/2021\/03\/IMG_6394-1024x768.jpg\" alt=\"\" class=\"wp-image-702 size-full\"\/><\/figure><\/div>\n\n\n<div class=\"wp-block-image is-resized is-style-default\">\n<figure class=\"alignright size-large\"><img loading=\"lazy\" decoding=\"async\" width=\"1024\" height=\"768\" src=\"https:\/\/www.couraubois.be\/wp-content\/uploads\/2021\/03\/IMG_6374-1024x768.jpg\" alt=\"\" class=\"wp-image-704\" style=\"width:419px;height:auto\" srcset=\"https:\/\/www.couraubois.be\/wp-content\/uploads\/2021\/03\/IMG_6374-1024x768.jpg 1024w, https:\/\/www.couraubois.be\/wp-content\/uploads\/2021\/03\/IMG_6374-scaled-600x450.jpg 600w, https:\/\/www.couraubois.be\/wp-content\/uploads\/2021\/03\/IMG_6374-300x225.jpg 300w, https:\/\/www.couraubois.be\/wp-content\/uploads\/2021\/03\/IMG_6374-768x576.jpg 768w, https:\/\/www.couraubois.be\/wp-content\/uploads\/2021\/03\/IMG_6374-1536x1152.jpg 1536w, https:\/\/www.couraubois.be\/wp-content\/uploads\/2021\/03\/IMG_6374-2048x1536.jpg 2048w, https:\/\/www.couraubois.be\/wp-content\/uploads\/2021\/03\/IMG_6374-982x737.jpg 982w\" sizes=\"auto, (max-width: 1024px) 100vw, 1024px\" \/><\/figure>\n<\/div>\n\n\n<p>Notre piste ext\u00e9rieur de jour et de nuit<br>Un \u00e9clairage de qualit\u00e9 full LED.<br> <\/p>\n<\/div><\/div>\n\n\n\n<p><\/p>\n\n\n\n<p><\/p>\n\n\n\n<p><\/p>\n\n\n\n<p><\/p>\n\n\n\n<p><\/p>\n\n\n\n<hr class=\"wp-block-separator has-css-opacity\"\/>\n\n\n\n<p class=\"has-small-font-size\">Copyright COUR AU BOIS &#8211; Tous droits r\u00e9serv\u00e9s<br><\/p>\n","protected":false},"excerpt":{"rendered":"<p>\u00c0 propos de nous Man\u00e8ge Cour au Bois \u00ab\u00a0CAB\u00a0\u00bb \u00e0 Wauthier Braine, aux portes de Bruxelles sud en bordure du Bois de HallePoney club, initiation, voltige, cours individuels et collectifs, stagesDressage, obstacle, poney games, horse ball, Equitation de travail, monte \u00e0 cru&#8230;\u00c9cole d\u2019\u00e9quitation agr\u00e9\u00e9e LEWB, Label 3 \u00e9toiles infrastructure, Label 3 \u00e9toiles p\u00e9dagogie, moniteurs dipl\u00f4m\u00e9es [&hellip;]<\/p>\n","protected":false},"author":1,"featured_media":0,"parent":0,"menu_order":1,"comment_status":"closed","ping_status":"closed","template":"","meta":{"ngg_post_thumbnail":0,"ocean_post_layout":"","ocean_both_sidebars_style":"","ocean_both_sidebars_content_width":0,"ocean_both_sidebars_sidebars_width":0,"ocean_sidebar":"","ocean_second_sidebar":"","ocean_disable_margins":"enable","ocean_add_body_class":"","ocean_shortcode_before_top_bar":"","ocean_shortcode_after_top_bar":"","ocean_shortcode_before_header":"","ocean_shortcode_after_header":"","ocean_has_shortcode":"","ocean_shortcode_after_title":"","ocean_shortcode_before_footer_widgets":"","ocean_shortcode_after_footer_widgets":"","ocean_shortcode_before_footer_bottom":"","ocean_shortcode_after_footer_bottom":"","ocean_display_top_bar":"default","ocean_display_header":"default","ocean_header_style":"","ocean_center_header_left_menu":"","ocean_custom_header_template":"","ocean_custom_logo":0,"ocean_custom_retina_logo":0,"ocean_custom_logo_max_width":0,"ocean_custom_logo_tablet_max_width":0,"ocean_custom_logo_mobile_max_width":0,"ocean_custom_logo_max_height":0,"ocean_custom_logo_tablet_max_height":0,"ocean_custom_logo_mobile_max_height":0,"ocean_header_custom_menu":"","ocean_menu_typo_font_family":"","ocean_menu_typo_font_subset":"","ocean_menu_typo_font_size":0,"ocean_menu_typo_font_size_tablet":0,"ocean_menu_typo_font_size_mobile":0,"ocean_menu_typo_font_size_unit":"px","ocean_menu_typo_font_weight":"","ocean_menu_typo_font_weight_tablet":"","ocean_menu_typo_font_weight_mobile":"","ocean_menu_typo_transform":"","ocean_menu_typo_transform_tablet":"","ocean_menu_typo_transform_mobile":"","ocean_menu_typo_line_height":0,"ocean_menu_typo_line_height_tablet":0,"ocean_menu_typo_line_height_mobile":0,"ocean_menu_typo_line_height_unit":"","ocean_menu_typo_spacing":0,"ocean_menu_typo_spacing_tablet":0,"ocean_menu_typo_spacing_mobile":0,"ocean_menu_typo_spacing_unit":"","ocean_menu_link_color":"","ocean_menu_link_color_hover":"","ocean_menu_link_color_active":"","ocean_menu_link_background":"","ocean_menu_link_hover_background":"","ocean_menu_link_active_background":"","ocean_menu_social_links_bg":"","ocean_menu_social_hover_links_bg":"","ocean_menu_social_links_color":"","ocean_menu_social_hover_links_color":"","ocean_disable_title":"default","ocean_disable_heading":"default","ocean_post_title":"","ocean_post_subheading":"","ocean_post_title_style":"","ocean_post_title_background_color":"","ocean_post_title_background":0,"ocean_post_title_bg_image_position":"","ocean_post_title_bg_image_attachment":"","ocean_post_title_bg_image_repeat":"","ocean_post_title_bg_image_size":"","ocean_post_title_height":0,"ocean_post_title_bg_overlay":0.5,"ocean_post_title_bg_overlay_color":"","ocean_disable_breadcrumbs":"default","ocean_breadcrumbs_color":"","ocean_breadcrumbs_separator_color":"","ocean_breadcrumbs_links_color":"","ocean_breadcrumbs_links_hover_color":"","ocean_display_footer_widgets":"default","ocean_display_footer_bottom":"default","ocean_custom_footer_template":"","footnotes":""},"class_list":["post-2","page","type-page","status-publish","hentry","entry","owp-thumbs-layout-horizontal","owp-btn-normal","owp-tabs-layout-horizontal","has-no-thumbnails","has-product-nav"],"_links":{"self":[{"href":"https:\/\/www.couraubois.be\/index.php\/wp-json\/wp\/v2\/pages\/2","targetHints":{"allow":["GET"]}}],"collection":[{"href":"https:\/\/www.couraubois.be\/index.php\/wp-json\/wp\/v2\/pages"}],"about":[{"href":"https:\/\/www.couraubois.be\/index.php\/wp-json\/wp\/v2\/types\/page"}],"author":[{"embeddable":true,"href":"https:\/\/www.couraubois.be\/index.php\/wp-json\/wp\/v2\/users\/1"}],"replies":[{"embeddable":true,"href":"https:\/\/www.couraubois.be\/index.php\/wp-json\/wp\/v2\/comments?post=2"}],"version-history":[{"count":22,"href":"https:\/\/www.couraubois.be\/index.php\/wp-json\/wp\/v2\/pages\/2\/revisions"}],"predecessor-version":[{"id":1141,"href":"https:\/\/www.couraubois.be\/index.php\/wp-json\/wp\/v2\/pages\/2\/revisions\/1141"}],"wp:attachment":[{"href":"https:\/\/www.couraubois.be\/index.php\/wp-json\/wp\/v2\/media?parent=2"}],"curies":[{"name":"wp","href":"https:\/\/api.w.org\/{rel}","templated":true}]}}