{"id":381,"date":"2019-11-05T01:01:20","date_gmt":"2019-11-05T00:01:20","guid":{"rendered":"https:\/\/couraubois224450043.wordpress.com\/?page_id=381"},"modified":"2025-01-10T16:21:23","modified_gmt":"2025-01-10T15:21:23","slug":"service-de-nettoyage","status":"publish","type":"page","link":"https:\/\/www.couraubois.be\/index.php\/service-de-nettoyage\/","title":{"rendered":"SERVICE DE NETTOYAGE"},"content":{"rendered":"\n<h3 class=\"wp-block-heading has-text-align-center has-vivid-red-color has-text-color has-link-color wp-elements-965345c20ea3d02679ea2dc6842f3a07\"><strong><span style=\"color:#ff0000;\">NOUVEAU SERVICE DISPONIBLE<\/span><\/strong> JANVIER 2025<\/h3>\n\n\n\n<p class=\"has-text-align-center\">Nous vous offrons un service de nettoyage de couverture, tapis.<\/p>\n\n\n\n<p class=\"has-text-align-center\">Notre Machine PRO my groom ce chargera de rendre votre mat\u00e9riel propre<\/p>\n\n\n<div class=\"wp-block-image\">\n<figure class=\"aligncenter size-large\"><img loading=\"lazy\" decoding=\"async\" width=\"514\" height=\"542\" src=\"https:\/\/www.couraubois.be\/wp-content\/uploads\/2020\/01\/capture-de28099ecc81cran-2019-11-15-acc80-12.37.16.png\" alt=\"\" class=\"wp-image-454\" srcset=\"https:\/\/www.couraubois.be\/wp-content\/uploads\/2020\/01\/capture-de28099ecc81cran-2019-11-15-acc80-12.37.16.png 514w, https:\/\/www.couraubois.be\/wp-content\/uploads\/2020\/01\/capture-de28099ecc81cran-2019-11-15-acc80-12.37.16-285x300.png 285w\" sizes=\"auto, (max-width: 514px) 100vw, 514px\" \/><\/figure>\n<\/div>\n\n\n<p class=\"has-text-align-center has-black-color has-text-color has-link-color wp-elements-d745b06924d18565ba9ebea4b29f2daf\">Polars: 8,00 euros.<br> couverture de 0 \u00e0 200 grammes: 8,00 euros.<br>couverture de &lt;200 \u00e0 500 grammes: 12,00 euros.<br> Tapis 4 euros.<br>Merci de brosser un maximum de poils.<br><strong>ATTENTION SERVICE DISPONIBLE UNIQUEMENT A NOTRE CLIENTELE<\/strong><\/p>\n\n\n\n<p><\/p>\n","protected":false},"excerpt":{"rendered":"<p>NOUVEAU SERVICE DISPONIBLE JANVIER 2025 Nous vous offrons un service de nettoyage de couverture, tapis. Notre Machine PRO my groom ce chargera de rendre votre mat\u00e9riel propre Polars: 8,00 euros. couverture de 0 \u00e0 200 grammes: 8,00 euros.couverture de &lt;200 \u00e0 500 grammes: 12,00 euros. Tapis 4 euros.Merci de brosser un maximum de poils.ATTENTION SERVICE [&hellip;]<\/p>\n","protected":false},"author":1,"featured_media":0,"parent":0,"menu_order":0,"comment_status":"closed","ping_status":"closed","template":"","meta":{"ngg_post_thumbnail":0,"ocean_post_layout":"","ocean_both_sidebars_style":"","ocean_both_sidebars_content_width":0,"ocean_both_sidebars_sidebars_width":0,"ocean_sidebar":"","ocean_second_sidebar":"","ocean_disable_margins":"enable","ocean_add_body_class":"","ocean_shortcode_before_top_bar":"","ocean_shortcode_after_top_bar":"","ocean_shortcode_before_header":"","ocean_shortcode_after_header":"","ocean_has_shortcode":"","ocean_shortcode_after_title":"","ocean_shortcode_before_footer_widgets":"","ocean_shortcode_after_footer_widgets":"","ocean_shortcode_before_footer_bottom":"","ocean_shortcode_after_footer_bottom":"","ocean_display_top_bar":"default","ocean_display_header":"default","ocean_header_style":"","ocean_center_header_left_menu":"","ocean_custom_header_template":"","ocean_custom_logo":0,"ocean_custom_retina_logo":0,"ocean_custom_logo_max_width":0,"ocean_custom_logo_tablet_max_width":0,"ocean_custom_logo_mobile_max_width":0,"ocean_custom_logo_max_height":0,"ocean_custom_logo_tablet_max_height":0,"ocean_custom_logo_mobile_max_height":0,"ocean_header_custom_menu":"","ocean_menu_typo_font_family":"","ocean_menu_typo_font_subset":"","ocean_menu_typo_font_size":0,"ocean_menu_typo_font_size_tablet":0,"ocean_menu_typo_font_size_mobile":0,"ocean_menu_typo_font_size_unit":"px","ocean_menu_typo_font_weight":"","ocean_menu_typo_font_weight_tablet":"","ocean_menu_typo_font_weight_mobile":"","ocean_menu_typo_transform":"","ocean_menu_typo_transform_tablet":"","ocean_menu_typo_transform_mobile":"","ocean_menu_typo_line_height":0,"ocean_menu_typo_line_height_tablet":0,"ocean_menu_typo_line_height_mobile":0,"ocean_menu_typo_line_height_unit":"","ocean_menu_typo_spacing":0,"ocean_menu_typo_spacing_tablet":0,"ocean_menu_typo_spacing_mobile":0,"ocean_menu_typo_spacing_unit":"","ocean_menu_link_color":"","ocean_menu_link_color_hover":"","ocean_menu_link_color_active":"","ocean_menu_link_background":"","ocean_menu_link_hover_background":"","ocean_menu_link_active_background":"","ocean_menu_social_links_bg":"","ocean_menu_social_hover_links_bg":"","ocean_menu_social_links_color":"","ocean_menu_social_hover_links_color":"","ocean_disable_title":"default","ocean_disable_heading":"default","ocean_post_title":"","ocean_post_subheading":"","ocean_post_title_style":"","ocean_post_title_background_color":"","ocean_post_title_background":0,"ocean_post_title_bg_image_position":"","ocean_post_title_bg_image_attachment":"","ocean_post_title_bg_image_repeat":"","ocean_post_title_bg_image_size":"","ocean_post_title_height":0,"ocean_post_title_bg_overlay":0.5,"ocean_post_title_bg_overlay_color":"","ocean_disable_breadcrumbs":"default","ocean_breadcrumbs_color":"","ocean_breadcrumbs_separator_color":"","ocean_breadcrumbs_links_color":"","ocean_breadcrumbs_links_hover_color":"","ocean_display_footer_widgets":"default","ocean_display_footer_bottom":"default","ocean_custom_footer_template":"","footnotes":""},"class_list":["post-381","page","type-page","status-publish","hentry","entry","owp-thumbs-layout-horizontal","owp-btn-normal","owp-tabs-layout-horizontal","has-no-thumbnails","has-product-nav"],"_links":{"self":[{"href":"https:\/\/www.couraubois.be\/index.php\/wp-json\/wp\/v2\/pages\/381","targetHints":{"allow":["GET"]}}],"collection":[{"href":"https:\/\/www.couraubois.be\/index.php\/wp-json\/wp\/v2\/pages"}],"about":[{"href":"https:\/\/www.couraubois.be\/index.php\/wp-json\/wp\/v2\/types\/page"}],"author":[{"embeddable":true,"href":"https:\/\/www.couraubois.be\/index.php\/wp-json\/wp\/v2\/users\/1"}],"replies":[{"embeddable":true,"href":"https:\/\/www.couraubois.be\/index.php\/wp-json\/wp\/v2\/comments?post=381"}],"version-history":[{"count":7,"href":"https:\/\/www.couraubois.be\/index.php\/wp-json\/wp\/v2\/pages\/381\/revisions"}],"predecessor-version":[{"id":1482,"href":"https:\/\/www.couraubois.be\/index.php\/wp-json\/wp\/v2\/pages\/381\/revisions\/1482"}],"wp:attachment":[{"href":"https:\/\/www.couraubois.be\/index.php\/wp-json\/wp\/v2\/media?parent=381"}],"curies":[{"name":"wp","href":"https:\/\/api.w.org\/{rel}","templated":true}]}}